{"id":490,"date":"2024-05-21T13:55:33","date_gmt":"2024-05-21T11:55:33","guid":{"rendered":"https:\/\/constaq.com\/?page_id=490"},"modified":"2024-09-17T17:10:23","modified_gmt":"2024-09-17T15:10:23","slug":"contact","status":"publish","type":"page","link":"https:\/\/constaq.com\/index.php\/contact\/","title":{"rendered":"Contact"},"content":{"rendered":"\t\t<div data-elementor-type=\"wp-page\" data-elementor-id=\"490\" class=\"elementor elementor-490\" data-elementor-post-type=\"page\">\n\t\t\t\t<div class=\"elementor-element elementor-element-f11f651 e-con-full e-flex e-con e-parent\" data-id=\"f11f651\" data-element_type=\"container\" data-e-type=\"container\">\n\t\t<div class=\"elementor-element elementor-element-5879b63 e-flex e-con-boxed e-con e-child\" data-id=\"5879b63\" data-element_type=\"container\" data-e-type=\"container\" data-settings=\"{&quot;background_background&quot;:&quot;classic&quot;}\">\n\t\t\t\t\t<div class=\"e-con-inner\">\n\t\t\t\t<div class=\"elementor-element elementor-element-6898262 elementor-icon-list--layout-inline elementor-list-item-link-full_width elementor-widget elementor-widget-icon-list\" data-id=\"6898262\" data-element_type=\"widget\" data-e-type=\"widget\" data-widget_type=\"icon-list.default\">\n\t\t\t\t<div class=\"elementor-widget-container\">\n\t\t\t\t\t\t\t<ul class=\"elementor-icon-list-items elementor-inline-items\">\n\t\t\t\t\t\t\t<li class=\"elementor-icon-list-item elementor-inline-item\">\n\t\t\t\t\t\t\t\t\t\t\t<a href=\"https:\/\/constaq.com\/\">\n\n\t\t\t\t\t\t\t\t\t\t\t<span class=\"elementor-icon-list-text\">Home<\/span>\n\t\t\t\t\t\t\t\t\t\t\t<\/a>\n\t\t\t\t\t\t\t\t\t<\/li>\n\t\t\t\t\t\t\t\t<li class=\"elementor-icon-list-item elementor-inline-item\">\n\t\t\t\t\t\t\t\t\t\t\t<a href=\"https:\/\/constaq.com\/index.php\/solutions\/\">\n\n\t\t\t\t\t\t\t\t\t\t\t<span class=\"elementor-icon-list-text\">Solutions<\/span>\n\t\t\t\t\t\t\t\t\t\t\t<\/a>\n\t\t\t\t\t\t\t\t\t<\/li>\n\t\t\t\t\t\t\t\t<li class=\"elementor-icon-list-item elementor-inline-item\">\n\t\t\t\t\t\t\t\t\t\t\t<a href=\"https:\/\/constaq.com\/index.php\/abouts-us\/\">\n\n\t\t\t\t\t\t\t\t\t\t\t<span class=\"elementor-icon-list-text\">About us<\/span>\n\t\t\t\t\t\t\t\t\t\t\t<\/a>\n\t\t\t\t\t\t\t\t\t<\/li>\n\t\t\t\t\t\t<\/ul>\n\t\t\t\t\t\t<\/div>\n\t\t\t\t<\/div>\n\t\t\t\t\t<\/div>\n\t\t\t\t<\/div>\n\t\t<div class=\"elementor-element elementor-element-c2440a6 e-con-full e-flex e-con e-child\" data-id=\"c2440a6\" data-element_type=\"container\" data-e-type=\"container\">\n\t\t\t\t<div class=\"elementor-element elementor-element-775c233 elementor-widget elementor-widget-heading\" data-id=\"775c233\" data-element_type=\"widget\" data-e-type=\"widget\" data-widget_type=\"heading.default\">\n\t\t\t\t<div class=\"elementor-widget-container\">\n\t\t\t\t\t<h2 class=\"elementor-heading-title elementor-size-default\">Lets talk<\/h2>\t\t\t\t<\/div>\n\t\t\t\t<\/div>\n\t\t<div class=\"elementor-element elementor-element-e0982e6 e-con-full e-flex e-con e-child\" data-id=\"e0982e6\" data-element_type=\"container\" data-e-type=\"container\">\n\t\t\t\t<div class=\"elementor-element elementor-element-261790d elementor-widget elementor-widget-icon-box\" data-id=\"261790d\" data-element_type=\"widget\" data-e-type=\"widget\" data-widget_type=\"icon-box.default\">\n\t\t\t\t<div class=\"elementor-widget-container\">\n\t\t\t\t\t\t\t<div class=\"elementor-icon-box-wrapper\">\n\n\t\t\t\n\t\t\t\t\t\t<div class=\"elementor-icon-box-content\">\n\n\t\t\t\t\t\t\t\t\t<h3 class=\"elementor-icon-box-title\">\n\t\t\t\t\t\t<a href=\"tel:+46612702670\" >\n\t\t\t\t\t\t\tPhone\t\t\t\t\t\t<\/a>\n\t\t\t\t\t<\/h3>\n\t\t\t\t\n\t\t\t\t\t\t\t\t\t<p class=\"elementor-icon-box-description\">\n\t\t\t\t\t\t+46 (0) 612702670\t\t\t\t\t<\/p>\n\t\t\t\t\n\t\t\t<\/div>\n\t\t\t\n\t\t<\/div>\n\t\t\t\t\t\t<\/div>\n\t\t\t\t<\/div>\n\t\t\t\t<div class=\"elementor-element elementor-element-83fcba6 elementor-widget elementor-widget-icon-box\" data-id=\"83fcba6\" data-element_type=\"widget\" data-e-type=\"widget\" data-widget_type=\"icon-box.default\">\n\t\t\t\t<div class=\"elementor-widget-container\">\n\t\t\t\t\t\t\t<div class=\"elementor-icon-box-wrapper\">\n\n\t\t\t\n\t\t\t\t\t\t<div class=\"elementor-icon-box-content\">\n\n\t\t\t\t\t\t\t\t\t<h3 class=\"elementor-icon-box-title\">\n\t\t\t\t\t\t<a href=\"mailto:contact@constaq.se\" >\n\t\t\t\t\t\t\tEmail\t\t\t\t\t\t<\/a>\n\t\t\t\t\t<\/h3>\n\t\t\t\t\n\t\t\t\t\t\t\t\t\t<p class=\"elementor-icon-box-description\">\n\t\t\t\t\t\tcontact@constaq.se\t\t\t\t\t<\/p>\n\t\t\t\t\n\t\t\t<\/div>\n\t\t\t\n\t\t<\/div>\n\t\t\t\t\t\t<\/div>\n\t\t\t\t<\/div>\n\t\t\t\t<\/div>\n\t\t\t\t<div class=\"elementor-element elementor-element-39e77cd elementor-widget elementor-widget-html\" data-id=\"39e77cd\" data-element_type=\"widget\" data-e-type=\"widget\" data-widget_type=\"html.default\">\n\t\t\t\t<div class=\"elementor-widget-container\">\n\t\t\t\t\t<script>\ndocument.addEventListener('DOMContentLoaded', function() {\n    var customLabel = document.querySelector('#customLabel'); \/\/ Ers\u00e4tt #customLabel med din etiketts eller elements unika selektor\n    customLabel.addEventListener('click', function() {\n        var checkbox = document.getElementById('form-field-field_f4fde21-2');\n        checkbox.checked = !checkbox.checked;\n    });\n});\n\n<\/script>\n<script>\ndocument.addEventListener('DOMContentLoaded', function() {\n    \/\/ Selektorn riktar sig till alla kryssrutor inom .elementor-field-option\n    var checkboxes = document.querySelectorAll('.elementor-field-option input[type=\"checkbox\"]');\n\n    checkboxes.forEach(function(checkbox) {\n        checkbox.addEventListener('change', function() {\n            \/\/ Hitta den n\u00e4rmaste .elementor-field-option fr\u00e5n kryssrutan\n            var optionElement = this.closest('.elementor-field-option');\n            \/\/ Specificera vilka element inom .elementor-field-option som ska \u00e4ndra textf\u00e4rg\n            var textElements = optionElement.querySelectorAll('.elementor-field, .elementor-field-subgroup label');\n\n            if (this.checked) {\n                \/\/ Om kryssrutan \u00e4r markerad, \u00e4ndra bakgrundsf\u00e4rg till svart och textf\u00e4rg till vit f\u00f6r specificerade element\n                optionElement.style.backgroundColor = 'black';\n                textElements.forEach(function(elem) {\n                    elem.style.color = 'white';\n                });\n            } else {\n                \/\/ Om kryssrutan inte \u00e4r markerad, \u00e5terst\u00e4ll bakgrundsf\u00e4rg och textf\u00e4rg f\u00f6r specificerade element\n                optionElement.style.backgroundColor = ''; \/\/ \u00c5terst\u00e4ll till ursprunglig bakgrundsf\u00e4rg om s\u00e5 \u00f6nskas\n                textElements.forEach(function(elem) {\n                    elem.style.color = ''; \/\/ \u00c5terst\u00e4ll till ursprunglig textf\u00e4rg om s\u00e5 \u00f6nskas\n                });\n            }\n        });\n    });\n});\n<\/script>\n\n\n\n\n\t\t\t\t<\/div>\n\t\t\t\t<\/div>\n\t\t\t\t<div class=\"elementor-element elementor-element-589ac93 elementor-button-align-stretch elementor-widget elementor-widget-form\" data-id=\"589ac93\" data-element_type=\"widget\" data-e-type=\"widget\" data-settings=\"{&quot;step_next_label&quot;:&quot;N\\u00e4sta&quot;,&quot;step_previous_label&quot;:&quot;F\\u00f6reg\\u00e5ende&quot;,&quot;button_width&quot;:&quot;100&quot;,&quot;step_type&quot;:&quot;number_text&quot;,&quot;step_icon_shape&quot;:&quot;circle&quot;}\" data-widget_type=\"form.default\">\n\t\t\t\t<div class=\"elementor-widget-container\">\n\t\t\t\t\t\t\t<form class=\"elementor-form\" method=\"post\" name=\"Nytt formul\u00e4r\" aria-label=\"Nytt formul\u00e4r\">\n\t\t\t<input type=\"hidden\" name=\"post_id\" value=\"490\"\/>\n\t\t\t<input type=\"hidden\" name=\"form_id\" value=\"589ac93\"\/>\n\t\t\t<input type=\"hidden\" name=\"referer_title\" value=\"Contact\" \/>\n\n\t\t\t\t\t\t\t<input type=\"hidden\" name=\"queried_id\" value=\"490\"\/>\n\t\t\t\n\t\t\t<div class=\"elementor-form-fields-wrapper elementor-labels-above\">\n\t\t\t\t\t\t\t\t<div class=\"elementor-field-type-checkbox elementor-field-group elementor-column elementor-field-group-field_f4fde21 elementor-col-100\">\n\t\t\t\t\t\t\t\t\t\t\t\t<label for=\"form-field-field_f4fde21\" class=\"elementor-field-label\">\n\t\t\t\t\t\t\t\tI want to learn more about\t\t\t\t\t\t\t<\/label>\n\t\t\t\t\t\t<div class=\"elementor-field-subgroup  elementor-subgroup-inline\"><span class=\"elementor-field-option\"><input type=\"checkbox\" value=\"Storage-as-a-Service\" id=\"form-field-field_f4fde21-0\" name=\"form_fields[field_f4fde21][]\"> <label for=\"form-field-field_f4fde21-0\">Storage-as-a-Service<\/label><\/span><span class=\"elementor-field-option\"><input type=\"checkbox\" value=\"IT-Consulting\" id=\"form-field-field_f4fde21-1\" name=\"form_fields[field_f4fde21][]\"> <label for=\"form-field-field_f4fde21-1\">IT-Consulting<\/label><\/span><span class=\"elementor-field-option\"><input type=\"checkbox\" value=\"Backup-as-a-Service\" id=\"form-field-field_f4fde21-2\" name=\"form_fields[field_f4fde21][]\"> <label for=\"form-field-field_f4fde21-2\">Backup-as-a-Service<\/label><\/span><span class=\"elementor-field-option\"><input type=\"checkbox\" value=\"Managed Services\" id=\"form-field-field_f4fde21-3\" name=\"form_fields[field_f4fde21][]\"> <label for=\"form-field-field_f4fde21-3\">Managed Services<\/label><\/span><span class=\"elementor-field-option\"><input type=\"checkbox\" value=\"Partner as a Service\" id=\"form-field-field_f4fde21-4\" name=\"form_fields[field_f4fde21][]\"> <label for=\"form-field-field_f4fde21-4\">Partner as a Service<\/label><\/span><\/div>\t\t\t\t<\/div>\n\t\t\t\t\t\t\t\t<div class=\"elementor-field-type-text elementor-field-group elementor-column elementor-field-group-name elementor-col-50\">\n\t\t\t\t\t\t\t\t\t\t\t\t<label for=\"form-field-name\" class=\"elementor-field-label\">\n\t\t\t\t\t\t\t\tName\t\t\t\t\t\t\t<\/label>\n\t\t\t\t\t\t\t\t\t\t\t\t\t\t<input size=\"1\" type=\"text\" name=\"form_fields[name]\" id=\"form-field-name\" class=\"elementor-field elementor-size-lg  elementor-field-textual\" placeholder=\"Name\">\n\t\t\t\t\t\t\t\t\t\t\t<\/div>\n\t\t\t\t\t\t\t\t<div class=\"elementor-field-type-tel elementor-field-group elementor-column elementor-field-group-field_a4421e0 elementor-col-50\">\n\t\t\t\t\t\t\t\t\t\t\t\t<label for=\"form-field-field_a4421e0\" class=\"elementor-field-label\">\n\t\t\t\t\t\t\t\tPhonenumber\t\t\t\t\t\t\t<\/label>\n\t\t\t\t\t\t\t\t<input size=\"1\" type=\"tel\" name=\"form_fields[field_a4421e0]\" id=\"form-field-field_a4421e0\" class=\"elementor-field elementor-size-lg  elementor-field-textual\" placeholder=\"Phonenumber\" pattern=\"[0-9()#&amp;+*-=.]+\" title=\"Endast siffror och telefontecken (#, -, *, etc) accepteras.\">\n\n\t\t\t\t\t\t<\/div>\n\t\t\t\t\t\t\t\t<div class=\"elementor-field-type-email elementor-field-group elementor-column elementor-field-group-email elementor-col-100 elementor-field-required\">\n\t\t\t\t\t\t\t\t\t\t\t\t<label for=\"form-field-email\" class=\"elementor-field-label\">\n\t\t\t\t\t\t\t\tEmail\t\t\t\t\t\t\t<\/label>\n\t\t\t\t\t\t\t\t\t\t\t\t\t\t<input size=\"1\" type=\"email\" name=\"form_fields[email]\" id=\"form-field-email\" class=\"elementor-field elementor-size-lg  elementor-field-textual\" placeholder=\"Email\" required=\"required\">\n\t\t\t\t\t\t\t\t\t\t\t<\/div>\n\t\t\t\t\t\t\t\t<div class=\"elementor-field-type-textarea elementor-field-group elementor-column elementor-field-group-message elementor-col-100\">\n\t\t\t\t\t\t\t\t\t\t\t\t<label for=\"form-field-message\" class=\"elementor-field-label\">\n\t\t\t\t\t\t\t\tMessage\t\t\t\t\t\t\t<\/label>\n\t\t\t\t\t\t<textarea class=\"elementor-field-textual elementor-field  elementor-size-lg\" name=\"form_fields[message]\" id=\"form-field-message\" rows=\"4\" placeholder=\"Message\"><\/textarea>\t\t\t\t<\/div>\n\t\t\t\t\t\t\t\t<div class=\"elementor-field-type-recaptcha_v3 elementor-field-group elementor-column elementor-field-group-field_76f9cca elementor-col-100 recaptcha_v3-bottomright\">\n\t\t\t\t\t<div class=\"elementor-field\" id=\"form-field-field_76f9cca\"><div class=\"elementor-g-recaptcha\" data-sitekey=\"6LeuIEcqAAAAAHuJ3UiH6Y6a1zClQqDmReO1LBp2\" data-type=\"v3\" data-action=\"Form\" data-badge=\"bottomright\" data-size=\"invisible\"><\/div><\/div>\t\t\t\t<\/div>\n\t\t\t\t\t\t\t\t<div class=\"elementor-field-group elementor-column elementor-field-type-submit elementor-col-100 e-form__buttons\">\n\t\t\t\t\t<button class=\"elementor-button elementor-size-lg\" type=\"submit\">\n\t\t\t\t\t\t<span class=\"elementor-button-content-wrapper\">\n\t\t\t\t\t\t\t\t\t\t\t\t\t\t\t\t\t\t\t\t\t\t<span class=\"elementor-button-text\">Send request<\/span>\n\t\t\t\t\t\t\t\t\t\t\t\t\t<\/span>\n\t\t\t\t\t<\/button>\n\t\t\t\t<\/div>\n\t\t\t<\/div>\n\t\t<\/form>\n\t\t\t\t\t\t<\/div>\n\t\t\t\t<\/div>\n\t\t\t\t<\/div>\n\t\t\t\t<\/div>\n\t\t\t\t<\/div>\n\t\t","protected":false},"excerpt":{"rendered":"<p>Home Solutions About us Lets talk Phone +46 (0) 612702670 Email contact@constaq.se<\/p>\n","protected":false},"author":1,"featured_media":0,"parent":0,"menu_order":0,"comment_status":"closed","ping_status":"closed","template":"elementor_canvas","meta":{"footnotes":""},"class_list":["post-490","page","type-page","status-publish","hentry"],"_links":{"self":[{"href":"https:\/\/constaq.com\/index.php\/wp-json\/wp\/v2\/pages\/490","targetHints":{"allow":["GET"]}}],"collection":[{"href":"https:\/\/constaq.com\/index.php\/wp-json\/wp\/v2\/pages"}],"about":[{"href":"https:\/\/constaq.com\/index.php\/wp-json\/wp\/v2\/types\/page"}],"author":[{"embeddable":true,"href":"https:\/\/constaq.com\/index.php\/wp-json\/wp\/v2\/users\/1"}],"replies":[{"embeddable":true,"href":"https:\/\/constaq.com\/index.php\/wp-json\/wp\/v2\/comments?post=490"}],"version-history":[{"count":55,"href":"https:\/\/constaq.com\/index.php\/wp-json\/wp\/v2\/pages\/490\/revisions"}],"predecessor-version":[{"id":699,"href":"https:\/\/constaq.com\/index.php\/wp-json\/wp\/v2\/pages\/490\/revisions\/699"}],"wp:attachment":[{"href":"https:\/\/constaq.com\/index.php\/wp-json\/wp\/v2\/media?parent=490"}],"curies":[{"name":"wp","href":"https:\/\/api.w.org\/{rel}","templated":true}]}}